{"id":36739,"date":"2023-04-25T14:20:38","date_gmt":"2023-04-25T14:20:38","guid":{"rendered":"https:\/\/swiss.legumehub.eu\/richtlinien\/"},"modified":"2026-02-22T14:36:24","modified_gmt":"2026-02-22T14:36:24","slug":"directives","status":"publish","type":"page","link":"https:\/\/swiss.legumehub.eu\/fr\/directives\/","title":{"rendered":"Directives"},"content":{"rendered":"<p>[et_pb_section fb_built=\u00a0\u00bb1&Prime; admin_label=\u00a0\u00bbSection New Header minimal\u00a0\u00bb _builder_version=\u00a0\u00bb4.21.0&Prime; _module_preset=\u00a0\u00bbdefault\u00a0\u00bb use_background_color_gradient=\u00a0\u00bbon\u00a0\u00bb background_color_gradient_direction=\u00a0\u00bb90deg\u00a0\u00bb background_color_gradient_stops=\u00a0\u00bb#d0df90 0%|rgba(0,0,0,0) 75%\u00a0\u00bb background_color_gradient_overlays_image=\u00a0\u00bbon\u00a0\u00bb background_color_gradient_start=\u00a0\u00bb#d0df90&Prime; background_color_gradient_end=\u00a0\u00bbrgba(0,0,0,0)\u00a0\u00bb background_color_gradient_end_position=\u00a0\u00bb75%\u00a0\u00bb background_image=\u00a0\u00bbhttps:\/\/swiss.legumehub.eu\/wp-content\/uploads\/2023\/04\/legume_hub_swiss_Thomas-Alfoldi_FiBL_Alfoeldi_LupineKastrierenBestaubenZuchtungMartinRoggli_April2015-web.jpg\u00a0\u00bb custom_margin=\u00a0\u00bb-24px||||false|false\u00a0\u00bb custom_padding=\u00a0\u00bb2%||2%||false|false\u00a0\u00bb background_last_edited=\u00a0\u00bbon|phone\u00a0\u00bb background_image_tablet=\u00a0\u00bbhttps:\/\/swiss.legumehub.eu\/wp-content\/uploads\/2023\/04\/legume_hub_swiss_Thomas-Alfoldi_FiBL_Alfoeldi_LupineKastrierenBestaubenZuchtungMartinRoggli_April2015-web.jpg\u00a0\u00bb background_image_phone=\u00a0\u00bbhttps:\/\/swiss.legumehub.eu\/wp-content\/uploads\/2023\/04\/legume_hub_swiss_Thomas-Alfoldi_FiBL_Alfoeldi_LupineKastrierenBestaubenZuchtungMartinRoggli_April2015-web.jpg\u00a0\u00bb background_enable_image_tablet=\u00a0\u00bbon\u00a0\u00bb background_enable_image_phone=\u00a0\u00bbon\u00a0\u00bb locked=\u00a0\u00bboff\u00a0\u00bb global_colors_info=\u00a0\u00bb{}\u00a0\u00bb][et_pb_row _builder_version=\u00a0\u00bb4.16&Prime; _module_preset=\u00a0\u00bbdefault\u00a0\u00bb custom_margin=\u00a0\u00bb0px||0px||false|false\u00a0\u00bb custom_padding=\u00a0\u00bb0px||0px||false|false\u00a0\u00bb global_colors_info=\u00a0\u00bb{}\u00a0\u00bb][et_pb_column type=\u00a0\u00bb4_4&Prime; _builder_version=\u00a0\u00bb4.16&Prime; _module_preset=\u00a0\u00bbdefault\u00a0\u00bb global_colors_info=\u00a0\u00bb{}\u00a0\u00bb][et_pb_text admin_label=\u00a0\u00bbPage headline\u00a0\u00bb _builder_version=\u00a0\u00bb4.21.0&Prime; _module_preset=\u00a0\u00bb593ce3a6-668d-4120-9d7e-5d2e3690de8d\u00a0\u00bb text_font=\u00a0\u00bb||||||||\u00a0\u00bb text_line_height=\u00a0\u00bb2em\u00a0\u00bb header_font=\u00a0\u00bbNoto Serif||||||||\u00a0\u00bb header_text_align=\u00a0\u00bbleft\u00a0\u00bb header_font_size=\u00a0\u00bb56px\u00a0\u00bb header_2_font=\u00a0\u00bb||||||||\u00a0\u00bb header_5_font=\u00a0\u00bb||||||||\u00a0\u00bb header_6_font=\u00a0\u00bbSource Sans Pro|||on|||||\u00a0\u00bb header_6_font_size=\u00a0\u00bb24px\u00a0\u00bb header_6_letter_spacing=\u00a0\u00bb8px\u00a0\u00bb header_6_line_height=\u00a0\u00bb1.8em\u00a0\u00bb text_orientation=\u00a0\u00bbcenter\u00a0\u00bb background_layout=\u00a0\u00bbdark\u00a0\u00bb max_width=\u00a0\u00bb100%\u00a0\u00bb max_width_tablet=\u00a0\u00bb\u00a0\u00bb max_width_phone=\u00a0\u00bb\u00a0\u00bb max_width_last_edited=\u00a0\u00bbon|tablet\u00a0\u00bb module_alignment=\u00a0\u00bbleft\u00a0\u00bb custom_margin=\u00a0\u00bb0px||20px||false|false\u00a0\u00bb custom_padding=\u00a0\u00bb25px||0px||false|false\u00a0\u00bb animation_style=\u00a0\u00bbslide\u00a0\u00bb animation_direction=\u00a0\u00bbtop\u00a0\u00bb animation_delay=\u00a0\u00bb400ms\u00a0\u00bb animation_intensity_slide=\u00a0\u00bb4%\u00a0\u00bb header_font_size_tablet=\u00a0\u00bb42px\u00a0\u00bb header_font_size_phone=\u00a0\u00bb32px\u00a0\u00bb header_font_size_last_edited=\u00a0\u00bbon|tablet\u00a0\u00bb global_colors_info=\u00a0\u00bb{}\u00a0\u00bb text_font_size__hover=\u00a0\u00bb14px\u00a0\u00bb text_font_size__hover_enabled=\u00a0\u00bb14px\u00a0\u00bb text_letter_spacing__hover=\u00a0\u00bb0px\u00a0\u00bb text_letter_spacing__hover_enabled=\u00a0\u00bb0px\u00a0\u00bb text_line_height__hover=\u00a0\u00bb1.7em\u00a0\u00bb text_line_height__hover_enabled=\u00a0\u00bb1.7em\u00a0\u00bb text_text_shadow_style__hover=\u00a0\u00bbnone\u00a0\u00bb text_text_shadow_style__hover_enabled=\u00a0\u00bbnone\u00a0\u00bb text_text_shadow_color__hover=\u00a0\u00bbrgba(0,0,0,0.4)\u00a0\u00bb text_text_shadow_color__hover_enabled=\u00a0\u00bbrgba(0,0,0,0.4)\u00a0\u00bb link_font_size__hover=\u00a0\u00bb14px\u00a0\u00bb link_font_size__hover_enabled=\u00a0\u00bb14px\u00a0\u00bb link_letter_spacing__hover=\u00a0\u00bb0px\u00a0\u00bb link_letter_spacing__hover_enabled=\u00a0\u00bb0px\u00a0\u00bb link_line_height__hover=\u00a0\u00bb1em\u00a0\u00bb link_line_height__hover_enabled=\u00a0\u00bb1em\u00a0\u00bb link_text_shadow_style__hover=\u00a0\u00bbnone\u00a0\u00bb link_text_shadow_style__hover_enabled=\u00a0\u00bbnone\u00a0\u00bb link_text_shadow_color__hover=\u00a0\u00bbrgba(0,0,0,0.4)\u00a0\u00bb link_text_shadow_color__hover_enabled=\u00a0\u00bbrgba(0,0,0,0.4)\u00a0\u00bb ul_font_size__hover=\u00a0\u00bb14px\u00a0\u00bb ul_font_size__hover_enabled=\u00a0\u00bb14px\u00a0\u00bb ul_letter_spacing__hover=\u00a0\u00bb0px\u00a0\u00bb ul_letter_spacing__hover_enabled=\u00a0\u00bb0px\u00a0\u00bb ul_line_height__hover=\u00a0\u00bb1em\u00a0\u00bb ul_line_height__hover_enabled=\u00a0\u00bb1em\u00a0\u00bb ul_text_shadow_style__hover=\u00a0\u00bbnone\u00a0\u00bb ul_text_shadow_style__hover_enabled=\u00a0\u00bbnone\u00a0\u00bb ul_text_shadow_color__hover=\u00a0\u00bbrgba(0,0,0,0.4)\u00a0\u00bb ul_text_shadow_color__hover_enabled=\u00a0\u00bbrgba(0,0,0,0.4)\u00a0\u00bb ol_font_size__hover=\u00a0\u00bb14px\u00a0\u00bb ol_font_size__hover_enabled=\u00a0\u00bb14px\u00a0\u00bb ol_letter_spacing__hover=\u00a0\u00bb0px\u00a0\u00bb ol_letter_spacing__hover_enabled=\u00a0\u00bb0px\u00a0\u00bb ol_line_height__hover=\u00a0\u00bb1em\u00a0\u00bb ol_line_height__hover_enabled=\u00a0\u00bb1em\u00a0\u00bb ol_text_shadow_style__hover=\u00a0\u00bbnone\u00a0\u00bb ol_text_shadow_style__hover_enabled=\u00a0\u00bbnone\u00a0\u00bb ol_text_shadow_color__hover=\u00a0\u00bbrgba(0,0,0,0.4)\u00a0\u00bb ol_text_shadow_color__hover_enabled=\u00a0\u00bbrgba(0,0,0,0.4)\u00a0\u00bb quote_font_size__hover=\u00a0\u00bb14px\u00a0\u00bb quote_font_size__hover_enabled=\u00a0\u00bb14px\u00a0\u00bb quote_letter_spacing__hover=\u00a0\u00bb0px\u00a0\u00bb quote_letter_spacing__hover_enabled=\u00a0\u00bb0px\u00a0\u00bb quote_line_height__hover=\u00a0\u00bb1em\u00a0\u00bb quote_line_height__hover_enabled=\u00a0\u00bb1em\u00a0\u00bb quote_text_shadow_style__hover=\u00a0\u00bbnone\u00a0\u00bb quote_text_shadow_style__hover_enabled=\u00a0\u00bbnone\u00a0\u00bb quote_text_shadow_color__hover=\u00a0\u00bbrgba(0,0,0,0.4)\u00a0\u00bb quote_text_shadow_color__hover_enabled=\u00a0\u00bbrgba(0,0,0,0.4)\u00a0\u00bb text_orientation__hover=\u00a0\u00bbleft\u00a0\u00bb text_orientation__hover_enabled=\u00a0\u00bbleft\u00a0\u00bb background_layout__hover=\u00a0\u00bblight\u00a0\u00bb background_layout__hover_enabled=\u00a0\u00bblight\u00a0\u00bb][\/et_pb_text][\/et_pb_column][\/et_pb_row][\/et_pb_section][et_pb_section fb_built=\u00a0\u00bb1&Prime; admin_label=\u00a0\u00bbInhalt\u00a0\u00bb _builder_version=\u00a0\u00bb4.21.0&Prime; _module_preset=\u00a0\u00bbdefault\u00a0\u00bb background_enable_color=\u00a0\u00bboff\u00a0\u00bb custom_margin=\u00a0\u00bb||0px||false|false\u00a0\u00bb custom_padding=\u00a0\u00bb||||false|false\u00a0\u00bb locked=\u00a0\u00bboff\u00a0\u00bb collapsed=\u00a0\u00bboff\u00a0\u00bb global_colors_info=\u00a0\u00bb{}\u00a0\u00bb][et_pb_row column_structure=\u00a0\u00bb3_4,1_4&Prime; _builder_version=\u00a0\u00bb4.16&Prime; _module_preset=\u00a0\u00bbdefault\u00a0\u00bb custom_margin=\u00a0\u00bb||||false|false\u00a0\u00bb custom_padding=\u00a0\u00bb||||false|false\u00a0\u00bb global_colors_info=\u00a0\u00bb{}\u00a0\u00bb][et_pb_column type=\u00a0\u00bb3_4&Prime; _builder_version=\u00a0\u00bb4.16&Prime; _module_preset=\u00a0\u00bbdefault\u00a0\u00bb custom_padding=\u00a0\u00bb|||\u00a0\u00bb global_colors_info=\u00a0\u00bb{}\u00a0\u00bb custom_padding__hover=\u00a0\u00bb|||\u00a0\u00bb][et_pb_text admin_label=\u00a0\u00bbEinleitung\u00a0\u00bb _builder_version=\u00a0\u00bb4.21.0&Prime; _module_preset=\u00a0\u00bbffce4a38-45a8-466d-a303-feb3e003896c\u00a0\u00bb text_font_size=\u00a0\u00bb20px\u00a0\u00bb text_line_height=\u00a0\u00bb2em\u00a0\u00bb header_font=\u00a0\u00bbNoto Serif||||||||\u00a0\u00bb header_font_size=\u00a0\u00bb34px\u00a0\u00bb header_2_font=\u00a0\u00bbNoto Serif||||||||\u00a0\u00bb header_2_font_size=\u00a0\u00bb40px\u00a0\u00bb header_2_line_height=\u00a0\u00bb1.4em\u00a0\u00bb header_2_font_size_tablet=\u00a0\u00bb30px\u00a0\u00bb header_2_font_size_phone=\u00a0\u00bb24px\u00a0\u00bb header_2_font_size_last_edited=\u00a0\u00bbon|phone\u00a0\u00bb locked=\u00a0\u00bboff\u00a0\u00bb global_colors_info=\u00a0\u00bb{}\u00a0\u00bb]<\/p>\n<h1 id=\"Food\">Directives<\/h1>\n<p>[\/et_pb_text][et_pb_divider color=\u00a0\u00bb#ffca67&Prime; divider_weight=\u00a0\u00bb3px\u00a0\u00bb _builder_version=\u00a0\u00bb4.16&Prime; _module_preset=\u00a0\u00bbdefault\u00a0\u00bb max_width=\u00a0\u00bb80px\u00a0\u00bb height=\u00a0\u00bb3px\u00a0\u00bb locked=\u00a0\u00bboff\u00a0\u00bb global_colors_info=\u00a0\u00bb{}\u00a0\u00bb]<br \/>\n[\/et_pb_divider][et_pb_text admin_label=\u00a0\u00bbEinleitung\u00a0\u00bb _builder_version=\u00a0\u00bb4.27.4&Prime; _module_preset=\u00a0\u00bbffce4a38-45a8-466d-a303-feb3e003896c\u00a0\u00bb text_font=\u00a0\u00bb||||||||\u00a0\u00bb text_font_size=\u00a0\u00bb17px\u00a0\u00bb text_line_height=\u00a0\u00bb1.6em\u00a0\u00bb header_font=\u00a0\u00bb||||||||\u00a0\u00bb header_2_font=\u00a0\u00bbNoto Serif||||||||\u00a0\u00bb header_2_font_size=\u00a0\u00bb40px\u00a0\u00bb header_2_line_height=\u00a0\u00bb1.4em\u00a0\u00bb hover_enabled=\u00a0\u00bb0&Prime; header_2_font_size_tablet=\u00a0\u00bb30px\u00a0\u00bb header_2_font_size_phone=\u00a0\u00bb24px\u00a0\u00bb header_2_font_size_last_edited=\u00a0\u00bbon|phone\u00a0\u00bb locked=\u00a0\u00bboff\u00a0\u00bb global_colors_info=\u00a0\u00bb{}\u00a0\u00bb sticky_enabled=\u00a0\u00bb0&Prime;]<\/p>\n<p>La rubrique directives contient des liens importants des ordonnances, des directives, des instructions concernant la culture et la transformation des l\u00e9gumineuses \u00e0 graines conventionnelles et biologiques en Suisse.<\/p>\n<h3><strong><\/strong><\/h3>\n<h3>Loi sur les denr\u00e9es alimentaires<\/h3>\n<ul>\n<li><a href=\"https:\/\/www.fedlex.admin.ch\/fr\/cc\/internal-law\/81#817\/\" target=\"_blank\" rel=\"noopener\">https:\/\/www.fedlex.admin.ch\/fr\/cc\/internal-law\/81#817\/\u00a0<\/a><\/li>\n<\/ul>\n<h3>R\u00e8glement bio<\/h3>\n<ul>\n<li><a href=\"https:\/\/www.fedlex.admin.ch\/eli\/cc\/1997\/2498_2498_2498\/fr\" target=\"_blank\" rel=\"noopener\">Ordonnance sur l\u2019agriculture biologique et la d\u00e9signation des produits et des denr\u00e9es alimentaires biologiques<\/a><\/li>\n<li><span><a href=\"https:\/\/www.fedlex.admin.ch\/eli\/cc\/1997\/2519_2519_2519\/fr\" target=\"_blank\" rel=\"noopener\">Ordonnance du DEFR sur l\u2019agriculture biologique<\/a><\/span><\/li>\n<\/ul>\n<h3>Bio Suisse<\/h3>\n<ul>\n<li><a href=\"https:\/\/www.bio-suisse.ch\/dam\/jcr:14fe16e5-4e30-47fc-800f-4abd13388321\/Bio_Suisse_Cahier_des_charges_2026_FR_Final.pdf\" target=\"_blank\" rel=\"noopener\">Cahier des charges pour la production, la transformation et le commerce des produits bourgeon<\/a><\/li>\n<\/ul>\n<p><strong><span><\/span><\/strong><\/p>\n<h3>Ordonnances<\/h3>\n<ul>\n<li><a href=\"https:\/\/swiss.legumehub.eu\/wp-content\/uploads\/2024\/06\/Lutte-contre-la-noctuelle-de-la-tomate-en-pois-chiche.pdf\">Lutte contre la noctuelle de la tomate en pois chiche<\/a><\/li>\n<\/ul>\n<p>[\/et_pb_text][\/et_pb_column][et_pb_column type=\u00a0\u00bb1_4&Prime; _builder_version=\u00a0\u00bb4.16&Prime; _module_preset=\u00a0\u00bbdefault\u00a0\u00bb custom_padding=\u00a0\u00bb|||\u00a0\u00bb global_colors_info=\u00a0\u00bb{}\u00a0\u00bb custom_padding__hover=\u00a0\u00bb|||\u00a0\u00bb][\/et_pb_column][\/et_pb_row][\/et_pb_section]<\/p>\n","protected":false},"excerpt":{"rendered":"<p>Directives La rubrique directives contient des liens importants des ordonnances, des directives, des instructions concernant la culture et la transformation des l\u00e9gumineuses \u00e0 graines conventionnelles et biologiques en Suisse. Loi sur les denr\u00e9es alimentaires https:\/\/www.fedlex.admin.ch\/fr\/cc\/internal-law\/81#817\/\u00a0 R\u00e8glement bio Ordonnance sur l\u2019agriculture biologique et la d\u00e9signation des produits et des denr\u00e9es alimentaires biologiques Ordonnance du DEFR sur [&hellip;]<\/p>\n","protected":false},"author":2,"featured_media":0,"parent":0,"menu_order":0,"comment_status":"closed","ping_status":"closed","template":"","meta":{"_et_pb_use_builder":"on","_et_pb_old_content":"","_et_gb_content_width":"","footnotes":""},"class_list":["post-36739","page","type-page","status-publish","hentry"],"yoast_head":"<!-- This site is optimized with the Yoast SEO plugin v25.7 - https:\/\/yoast.com\/wordpress\/plugins\/seo\/ -->\n<title>Directives - Swiss Legume Hub<\/title>\n<meta name=\"robots\" content=\"index, follow, max-snippet:-1, max-image-preview:large, max-video-preview:-1\" \/>\n<link rel=\"canonical\" href=\"https:\/\/swiss.legumehub.eu\/fr\/directives\/\" \/>\n<meta property=\"og:locale\" content=\"fr_FR\" \/>\n<meta property=\"og:type\" content=\"article\" \/>\n<meta property=\"og:title\" content=\"Directives - Swiss Legume Hub\" \/>\n<meta property=\"og:description\" content=\"Directives La rubrique directives contient des liens importants des ordonnances, des directives, des instructions concernant la culture et la transformation des l\u00e9gumineuses \u00e0 graines conventionnelles et biologiques en Suisse. Loi sur les denr\u00e9es alimentaires https:\/\/www.fedlex.admin.ch\/fr\/cc\/internal-law\/81#817\/\u00a0 R\u00e8glement bio Ordonnance sur l\u2019agriculture biologique et la d\u00e9signation des produits et des denr\u00e9es alimentaires biologiques Ordonnance du DEFR sur [&hellip;]\" \/>\n<meta property=\"og:url\" content=\"https:\/\/swiss.legumehub.eu\/fr\/directives\/\" \/>\n<meta property=\"og:site_name\" content=\"Swiss Legume Hub\" \/>\n<meta property=\"article:modified_time\" content=\"2026-02-22T14:36:24+00:00\" \/>\n<meta name=\"twitter:card\" content=\"summary_large_image\" \/>\n<meta name=\"twitter:label1\" content=\"Dur\u00e9e de lecture estim\u00e9e\" \/>\n\t<meta name=\"twitter:data1\" content=\"1 minute\" \/>\n<script type=\"application\/ld+json\" class=\"yoast-schema-graph\">{\"@context\":\"https:\/\/schema.org\",\"@graph\":[{\"@type\":\"WebPage\",\"@id\":\"https:\/\/swiss.legumehub.eu\/fr\/directives\/\",\"url\":\"https:\/\/swiss.legumehub.eu\/fr\/directives\/\",\"name\":\"Directives - Swiss Legume Hub\",\"isPartOf\":{\"@id\":\"https:\/\/swiss.legumehub.eu\/fr\/#website\"},\"datePublished\":\"2023-04-25T14:20:38+00:00\",\"dateModified\":\"2026-02-22T14:36:24+00:00\",\"breadcrumb\":{\"@id\":\"https:\/\/swiss.legumehub.eu\/fr\/directives\/#breadcrumb\"},\"inLanguage\":\"fr-FR\",\"potentialAction\":[{\"@type\":\"ReadAction\",\"target\":[\"https:\/\/swiss.legumehub.eu\/fr\/directives\/\"]}]},{\"@type\":\"BreadcrumbList\",\"@id\":\"https:\/\/swiss.legumehub.eu\/fr\/directives\/#breadcrumb\",\"itemListElement\":[{\"@type\":\"ListItem\",\"position\":1,\"name\":\"Startseite\",\"item\":\"https:\/\/swiss.legumehub.eu\/fr\/\"},{\"@type\":\"ListItem\",\"position\":2,\"name\":\"Directives\"}]},{\"@type\":\"WebSite\",\"@id\":\"https:\/\/swiss.legumehub.eu\/fr\/#website\",\"url\":\"https:\/\/swiss.legumehub.eu\/fr\/\",\"name\":\"Swiss Legume Hub\",\"description\":\"Knowledge platform for legumes\",\"potentialAction\":[{\"@type\":\"SearchAction\",\"target\":{\"@type\":\"EntryPoint\",\"urlTemplate\":\"https:\/\/swiss.legumehub.eu\/fr\/?s={search_term_string}\"},\"query-input\":{\"@type\":\"PropertyValueSpecification\",\"valueRequired\":true,\"valueName\":\"search_term_string\"}}],\"inLanguage\":\"fr-FR\"}]}<\/script>\n<!-- \/ Yoast SEO plugin. -->","yoast_head_json":{"title":"Directives - Swiss Legume Hub","robots":{"index":"index","follow":"follow","max-snippet":"max-snippet:-1","max-image-preview":"max-image-preview:large","max-video-preview":"max-video-preview:-1"},"canonical":"https:\/\/swiss.legumehub.eu\/fr\/directives\/","og_locale":"fr_FR","og_type":"article","og_title":"Directives - Swiss Legume Hub","og_description":"Directives La rubrique directives contient des liens importants des ordonnances, des directives, des instructions concernant la culture et la transformation des l\u00e9gumineuses \u00e0 graines conventionnelles et biologiques en Suisse. Loi sur les denr\u00e9es alimentaires https:\/\/www.fedlex.admin.ch\/fr\/cc\/internal-law\/81#817\/\u00a0 R\u00e8glement bio Ordonnance sur l\u2019agriculture biologique et la d\u00e9signation des produits et des denr\u00e9es alimentaires biologiques Ordonnance du DEFR sur [&hellip;]","og_url":"https:\/\/swiss.legumehub.eu\/fr\/directives\/","og_site_name":"Swiss Legume Hub","article_modified_time":"2026-02-22T14:36:24+00:00","twitter_card":"summary_large_image","twitter_misc":{"Dur\u00e9e de lecture estim\u00e9e":"1 minute"},"schema":{"@context":"https:\/\/schema.org","@graph":[{"@type":"WebPage","@id":"https:\/\/swiss.legumehub.eu\/fr\/directives\/","url":"https:\/\/swiss.legumehub.eu\/fr\/directives\/","name":"Directives - Swiss Legume Hub","isPartOf":{"@id":"https:\/\/swiss.legumehub.eu\/fr\/#website"},"datePublished":"2023-04-25T14:20:38+00:00","dateModified":"2026-02-22T14:36:24+00:00","breadcrumb":{"@id":"https:\/\/swiss.legumehub.eu\/fr\/directives\/#breadcrumb"},"inLanguage":"fr-FR","potentialAction":[{"@type":"ReadAction","target":["https:\/\/swiss.legumehub.eu\/fr\/directives\/"]}]},{"@type":"BreadcrumbList","@id":"https:\/\/swiss.legumehub.eu\/fr\/directives\/#breadcrumb","itemListElement":[{"@type":"ListItem","position":1,"name":"Startseite","item":"https:\/\/swiss.legumehub.eu\/fr\/"},{"@type":"ListItem","position":2,"name":"Directives"}]},{"@type":"WebSite","@id":"https:\/\/swiss.legumehub.eu\/fr\/#website","url":"https:\/\/swiss.legumehub.eu\/fr\/","name":"Swiss Legume Hub","description":"Knowledge platform for legumes","potentialAction":[{"@type":"SearchAction","target":{"@type":"EntryPoint","urlTemplate":"https:\/\/swiss.legumehub.eu\/fr\/?s={search_term_string}"},"query-input":{"@type":"PropertyValueSpecification","valueRequired":true,"valueName":"search_term_string"}}],"inLanguage":"fr-FR"}]}},"_links":{"self":[{"href":"https:\/\/swiss.legumehub.eu\/fr\/wp-json\/wp\/v2\/pages\/36739","targetHints":{"allow":["GET"]}}],"collection":[{"href":"https:\/\/swiss.legumehub.eu\/fr\/wp-json\/wp\/v2\/pages"}],"about":[{"href":"https:\/\/swiss.legumehub.eu\/fr\/wp-json\/wp\/v2\/types\/page"}],"author":[{"embeddable":true,"href":"https:\/\/swiss.legumehub.eu\/fr\/wp-json\/wp\/v2\/users\/2"}],"replies":[{"embeddable":true,"href":"https:\/\/swiss.legumehub.eu\/fr\/wp-json\/wp\/v2\/comments?post=36739"}],"version-history":[{"count":10,"href":"https:\/\/swiss.legumehub.eu\/fr\/wp-json\/wp\/v2\/pages\/36739\/revisions"}],"predecessor-version":[{"id":38895,"href":"https:\/\/swiss.legumehub.eu\/fr\/wp-json\/wp\/v2\/pages\/36739\/revisions\/38895"}],"wp:attachment":[{"href":"https:\/\/swiss.legumehub.eu\/fr\/wp-json\/wp\/v2\/media?parent=36739"}],"curies":[{"name":"wp","href":"https:\/\/api.w.org\/{rel}","templated":true}]}}